{"id":119,"date":"2019-01-30T09:03:57","date_gmt":"2019-01-30T11:03:57","guid":{"rendered":"https:\/\/sistemas.cead.ufv.br\/inspoa\/?page_id=119"},"modified":"2019-11-19T15:07:29","modified_gmt":"2019-11-19T18:07:29","slug":"contato","status":"publish","type":"page","link":"https:\/\/www.inspoa.ufv.br\/en\/?page_id=119","title":{"rendered":"Contact"},"content":{"rendered":"<p><strong>Food Inspection Laboratory &#8211; Lab. de Inspe\u00e7\u00e3o de Produtos de Origem Animal (InsPOA)<\/strong><br \/>\nUniversidade Federal de Vi\u00e7osa, Dept. of Veterinary Medicine<br \/>\nAv. PH Rolfs, Campus Vi\u00e7osa<br \/>\n36570 900 Vi\u00e7osa MG Brazil<\/p>\n<p>Phone: + 55 31 3612 5624<br \/>\nE-mails: inspoa@ufv.br and inspoaufv@gmail.com<\/p>\n","protected":false},"excerpt":{"rendered":"<p>Food Inspection Laboratory &#8211; Lab. de Inspe\u00e7\u00e3o de Produtos de Origem Animal (InsPOA) Universidade Federal de Vi\u00e7osa, Dept. of Veterinary Medicine Av. PH Rolfs, Campus Vi\u00e7osa 36570 900 Vi\u00e7osa MG [&hellip;]<\/p>\n","protected":false},"author":1,"featured_media":0,"parent":0,"menu_order":0,"comment_status":"closed","ping_status":"closed","template":"","meta":{"_acf_changed":false,"footnotes":""},"class_list":["post-119","page","type-page","status-publish","hentry"],"acf":[],"_links":{"self":[{"href":"https:\/\/www.inspoa.ufv.br\/en\/index.php?rest_route=\/wp\/v2\/pages\/119","targetHints":{"allow":["GET"]}}],"collection":[{"href":"https:\/\/www.inspoa.ufv.br\/en\/index.php?rest_route=\/wp\/v2\/pages"}],"about":[{"href":"https:\/\/www.inspoa.ufv.br\/en\/index.php?rest_route=\/wp\/v2\/types\/page"}],"author":[{"embeddable":true,"href":"https:\/\/www.inspoa.ufv.br\/en\/index.php?rest_route=\/wp\/v2\/users\/1"}],"replies":[{"embeddable":true,"href":"https:\/\/www.inspoa.ufv.br\/en\/index.php?rest_route=%2Fwp%2Fv2%2Fcomments&post=119"}],"version-history":[{"count":9,"href":"https:\/\/www.inspoa.ufv.br\/en\/index.php?rest_route=\/wp\/v2\/pages\/119\/revisions"}],"predecessor-version":[{"id":860,"href":"https:\/\/www.inspoa.ufv.br\/en\/index.php?rest_route=\/wp\/v2\/pages\/119\/revisions\/860"}],"wp:attachment":[{"href":"https:\/\/www.inspoa.ufv.br\/en\/index.php?rest_route=%2Fwp%2Fv2%2Fmedia&parent=119"}],"curies":[{"name":"wp","href":"https:\/\/api.w.org\/{rel}","templated":true}]}}