{"id":29,"date":"2019-01-23T11:08:32","date_gmt":"2019-01-23T13:08:32","guid":{"rendered":"https:\/\/sistemas.cead.ufv.br\/inspoa\/?page_id=29"},"modified":"2020-06-01T13:59:39","modified_gmt":"2020-06-01T16:59:39","slug":"quem-somos","status":"publish","type":"page","link":"https:\/\/www.inspoa.ufv.br\/en\/?page_id=29","title":{"rendered":"About us"},"content":{"rendered":"<p>The Food Inspection Laboratory (Laborat\u00f3rio de Inspe\u00e7\u00e3o de Produtos de Origem Animal &#8211; <strong>InsPOA<\/strong>) is located in Vi\u00e7osa, MG state, Brazil, in the Vi\u00e7osa Campus of the Universidade Federal de Vi\u00e7osa (<a href=\"http:\/\/www.ufv.br\" target=\"_blank\" rel=\"noopener\">UFV<\/a>), Department of Veterinary Medicine (<a href=\"http:\/\/www.dvt.ufv.br\/\" target=\"_blank\" rel=\"noopener\">DVT<\/a>).<\/p>\n<p>Our scientific team develops academic activities related to the safety and quality of animal origin food products, aiming professional training and robust scientific information to food industries and inspection offices.<\/p>\n<p><strong>Mission:<\/strong> provide highly qualified training of students and professionals that work on food safety and quality<\/p>\n<p><strong>Vision:<\/strong> generate robust and consistent scientific information, providing a continuous contribution to improve the food safety and quality<\/p>\n<p><strong>Values:<\/strong> scientific criteria, ethics, cooperation, good mood and rock&#8217;n&#8217;roll<\/p>\n","protected":false},"excerpt":{"rendered":"<p>The Food Inspection Laboratory (Laborat\u00f3rio de Inspe\u00e7\u00e3o de Produtos de Origem Animal &#8211; InsPOA) is located in Vi\u00e7osa, MG state, Brazil, in the Vi\u00e7osa Campus of the Universidade Federal de [&hellip;]<\/p>\n","protected":false},"author":1,"featured_media":0,"parent":0,"menu_order":0,"comment_status":"closed","ping_status":"closed","template":"","meta":{"_acf_changed":false,"footnotes":""},"class_list":["post-29","page","type-page","status-publish","hentry"],"acf":[],"_links":{"self":[{"href":"https:\/\/www.inspoa.ufv.br\/en\/index.php?rest_route=\/wp\/v2\/pages\/29","targetHints":{"allow":["GET"]}}],"collection":[{"href":"https:\/\/www.inspoa.ufv.br\/en\/index.php?rest_route=\/wp\/v2\/pages"}],"about":[{"href":"https:\/\/www.inspoa.ufv.br\/en\/index.php?rest_route=\/wp\/v2\/types\/page"}],"author":[{"embeddable":true,"href":"https:\/\/www.inspoa.ufv.br\/en\/index.php?rest_route=\/wp\/v2\/users\/1"}],"replies":[{"embeddable":true,"href":"https:\/\/www.inspoa.ufv.br\/en\/index.php?rest_route=%2Fwp%2Fv2%2Fcomments&post=29"}],"version-history":[{"count":16,"href":"https:\/\/www.inspoa.ufv.br\/en\/index.php?rest_route=\/wp\/v2\/pages\/29\/revisions"}],"predecessor-version":[{"id":864,"href":"https:\/\/www.inspoa.ufv.br\/en\/index.php?rest_route=\/wp\/v2\/pages\/29\/revisions\/864"}],"wp:attachment":[{"href":"https:\/\/www.inspoa.ufv.br\/en\/index.php?rest_route=%2Fwp%2Fv2%2Fmedia&parent=29"}],"curies":[{"name":"wp","href":"https:\/\/api.w.org\/{rel}","templated":true}]}}