{"id":39,"date":"2019-01-23T11:28:23","date_gmt":"2019-01-23T13:28:23","guid":{"rendered":"https:\/\/sistemas.cead.ufv.br\/inspoa\/?page_id=39"},"modified":"2020-06-02T15:04:49","modified_gmt":"2020-06-02T18:04:49","slug":"pesquisa","status":"publish","type":"page","link":"https:\/\/www.inspoa.ufv.br\/en\/?page_id=39","title":{"rendered":"Research"},"content":{"rendered":"<p>The Food Inspection Laboratory (Laborat\u00f3rio de Inspe\u00e7\u00e3o de Produtos de Origem Animal &#8211; InsPOA) is locatred in Vi\u00e7osa, MG state, Brazil, in the Universidade Federal de Vi\u00e7osa, Campus Vi\u00e7osa, Department of Veterinary Medicine. We develop academic activities related to teaching, extension and research on food inspection and food microbiology, with special focus to animal origin foods (meat, dairy, fish). Our main goal is to provide robust scientific data to food industries and inspection agencies, enhancing the food quality and safety.<\/p>\n","protected":false},"excerpt":{"rendered":"<p>The Food Inspection Laboratory (Laborat\u00f3rio de Inspe\u00e7\u00e3o de Produtos de Origem Animal &#8211; InsPOA) is locatred in Vi\u00e7osa, MG state, Brazil, in the Universidade Federal de Vi\u00e7osa, Campus Vi\u00e7osa, Department [&hellip;]<\/p>\n","protected":false},"author":1,"featured_media":0,"parent":0,"menu_order":0,"comment_status":"closed","ping_status":"closed","template":"","meta":{"_acf_changed":false,"footnotes":""},"class_list":["post-39","page","type-page","status-publish","hentry"],"acf":[],"_links":{"self":[{"href":"https:\/\/www.inspoa.ufv.br\/en\/index.php?rest_route=\/wp\/v2\/pages\/39","targetHints":{"allow":["GET"]}}],"collection":[{"href":"https:\/\/www.inspoa.ufv.br\/en\/index.php?rest_route=\/wp\/v2\/pages"}],"about":[{"href":"https:\/\/www.inspoa.ufv.br\/en\/index.php?rest_route=\/wp\/v2\/types\/page"}],"author":[{"embeddable":true,"href":"https:\/\/www.inspoa.ufv.br\/en\/index.php?rest_route=\/wp\/v2\/users\/1"}],"replies":[{"embeddable":true,"href":"https:\/\/www.inspoa.ufv.br\/en\/index.php?rest_route=%2Fwp%2Fv2%2Fcomments&post=39"}],"version-history":[{"count":6,"href":"https:\/\/www.inspoa.ufv.br\/en\/index.php?rest_route=\/wp\/v2\/pages\/39\/revisions"}],"predecessor-version":[{"id":890,"href":"https:\/\/www.inspoa.ufv.br\/en\/index.php?rest_route=\/wp\/v2\/pages\/39\/revisions\/890"}],"wp:attachment":[{"href":"https:\/\/www.inspoa.ufv.br\/en\/index.php?rest_route=%2Fwp%2Fv2%2Fmedia&parent=39"}],"curies":[{"name":"wp","href":"https:\/\/api.w.org\/{rel}","templated":true}]}}